{"id":7,"date":"2013-09-20T12:41:11","date_gmt":"2013-09-20T10:41:11","guid":{"rendered":"http:\/\/kerste.de\/?page_id=7"},"modified":"2022-05-23T18:00:47","modified_gmt":"2022-05-23T16:00:47","slug":"astro-ausruestung","status":"publish","type":"page","link":"https:\/\/kerste.de\/?page_id=7","title":{"rendered":"Astro-Ausr\u00fcstung"},"content":{"rendered":"\n<p>Die Frage, womit ich beobachte, taucht immer wieder auf &#8211; schlie\u00dflich sollte sich ja in zwei Jahrzehnten Hobby Astronomie einiges angesammelt haben.<\/p>\n\n\n\n<p>Da ich allerdings von Anfang an auf der <a href=\"http:\/\/www.sternwarte.org\" target=\"_blank\" rel=\"noopener noreferrer\">Heilbronner Sternwarte<\/a> aktiv war, konnte ich mir Fehlinvestitionen sparen, und neben einer ganzen Reihe von Ferngl\u00e4sern gibt&#8217;s nur ein einziges Teleskop.<\/p>\n\n\n\n<h4 class=\"wp-block-heading\">Das Teleskop<\/h4>\n\n\n\n<div class=\"wp-block-image\"><figure class=\"alignright\"><img decoding=\"async\" src=\"https:\/\/www.kerste.de\/images\/ED80-frei.jpg\" alt=\"ED80-frei.jpg\" title=\"ED80-frei.jpg\"\/><figcaption>ED80 auf Vixen Porta<\/figcaption><\/figure><\/div>\n\n\n\n<p>Im Celestron ED80\/600 steckt eine weit verbreitete Optik; der ED80\/600 hat daher seit er Anfang dieses Jahrtausends auf den Markt kam den Spitznamen \u201eVolks-Apo\u201c erhalten. Au\u00dfer Tubus, Objektiv, Taukappe und Deckel ist aber nichts mehr original an ihm: Der Okularauszug wurde durch einen SteelTrack von Baader Planetarium ersetzt, der Sucher durch einen Baader SkySurfer III samt Sucherbasis, dazu kamen Maxbright Zenitspiegel sowie ein 36mm Hyperion Aspheric und ein Hyperion 8-24mm Zoom, ebenfalls aus dem Hause Baader. Um damit noch in den Fokus zu kommen, wurde die Celestron-Prismenschiene durch eine l\u00e4ngere mit passenden Rohrschellen ersetzt. Mittlerweile wurde das Hyperion Zoom ersetzt, da es am ED80 nur den Vergr\u00f6\u00dferungsbereich von 25-75x abdeckt \u2013 ich war Ger\u00e4te mit rund 2 Meter Brennweite gewohnt. Stattdessen befinden sich nun ein 9 mm Morpheus und ein Astrozoom 7mm UWAN im Teleskopkoffer, das etwa den Brennweitenbereich von 7,5-4mm abdeckt. Das wird leider nicht mehr angeboten, deckt die H\u00f6chstvergr\u00f6\u00dferung aber sch\u00f6n und komfortabel ab.<\/p>\n\n\n\n<p>Als Montierung kam zuerst ein Berlebach Fotostativ mit Triton-Videoneiger von Teleskop-Service zum Einsatz, was als Reisekombi okay war, aber bald durch eine Vixen Porta und kurz darauf ein Berlebach Uni28 Stativ ersetzt wurde. Gebrauchtkauf lohnt sich!<\/p>\n\n\n\n<p>Dazu kam noch ein Baader Herschelkeil f\u00fcr die Sonnenbeobachtung, au\u00dferdem ein Baader Filterschieber \u2013 auf die Idee, dass ein Filterschieber auch visuell sinnvoll ist, bin ich viel zu sp\u00e4t gekommen. Und f\u00fcr Planeten kann noch ein Filterrad dazwischen geschaltet werden. So werden die ganzen Filter auch endlich mal eingesetzt.<\/p>\n\n\n\n<div class=\"wp-block-image\"><figure class=\"aligncenter size-large\"><a href=\"https:\/\/kerste.de\/wp-content\/uploads\/2020\/11\/Koffer-ED80-P1260488.jpg\"><img loading=\"lazy\" decoding=\"async\" width=\"1024\" height=\"1024\" src=\"https:\/\/kerste.de\/wp-content\/uploads\/2020\/11\/Koffer-ED80-P1260488-1024x1024.jpg\" alt=\"\" class=\"wp-image-12037\" srcset=\"https:\/\/kerste.de\/wp-content\/uploads\/2020\/11\/Koffer-ED80-P1260488.jpg 1024w, https:\/\/kerste.de\/wp-content\/uploads\/2020\/11\/Koffer-ED80-P1260488-300x300.jpg 300w, https:\/\/kerste.de\/wp-content\/uploads\/2020\/11\/Koffer-ED80-P1260488-150x150.jpg 150w, https:\/\/kerste.de\/wp-content\/uploads\/2020\/11\/Koffer-ED80-P1260488-768x768.jpg 768w\" sizes=\"auto, (max-width: 1024px) 100vw, 1024px\" \/><\/a><figcaption><em>Der ED80 mit allem Zubeh\u00f6r im Koffer.<\/em><\/figcaption><\/figure><\/div>\n\n\n\n<p>F\u00fcr visuelle Beobachtungen bin ich so mit einem Koffer und einer Stativtasche unterwegs, f\u00fcr Fotografie kommt noch der Koffer mit der Montierung und eine Fototasche dazu \u2013 alles sch\u00f6n kompakt. Alles in allem wiegt der Teleskopkoffer (mit etwas Foto-Zubeh\u00f6r) 18,3kg, was noch geht. Die Ablageplatte vom Stativ ist \u00fcbrigens mit Spanngurten auf den Deckel vom Koffer gespannt.<\/p>\n\n\n\n<h4 class=\"wp-block-heading\">Das Foto-Set<\/h4>\n\n\n\n<p>Die Vixen Porta wird Fotoambitionen durch eine Vixen GP-DX erg\u00e4nzt \u2013 ein Gebrauchtkauf. Auch ohne Guiding k\u00f6nnen die Ergebnisse sich sehen lassen, wenn sauber eingenordet wurde. Von Haus aus kann die GP-DX nur nachf\u00fchren. Sp\u00e4ter habe ich sie mit Zahnriemenantrieb und Goto aufger\u00fcstet, den Umbaubericht gibt es <a href=\"https:\/\/kerste.de\/?p=9312\">hier<\/a>. Die Motoren sind von Avalon, die Steuerung von <a href=\"https:\/\/astro-gadget.net\/\" target=\"_blank\" rel=\"noopener noreferrer\">astro-gadget.com<\/a>. Seitdem bietet die Montierung eigentlich alles, was man braucht. Die Stromversorgung \u00fcbernimmt ein Celestron LiFePO<sub>4<\/sub>-Powertank. Der h\u00e4lt seine Ladung auch \u00fcber l\u00e4ngere Ruhezeiten hinweg.<\/p>\n\n\n\n<div class=\"wp-block-image\"><figure class=\"alignleft\"><a href=\"https:\/\/kerste.de\/wp-content\/uploads\/2020\/10\/20200911-14h-03m-P1240393.jpg\"><img loading=\"lazy\" decoding=\"async\" width=\"300\" height=\"225\" src=\"https:\/\/kerste.de\/wp-content\/uploads\/2020\/10\/20200911-14h-03m-P1240393-300x225.jpg\" alt=\"\" class=\"wp-image-12027\" srcset=\"https:\/\/kerste.de\/wp-content\/uploads\/2020\/10\/20200911-14h-03m-P1240393-300x225.jpg 300w, https:\/\/kerste.de\/wp-content\/uploads\/2020\/10\/20200911-14h-03m-P1240393-768x577.jpg 768w, https:\/\/kerste.de\/wp-content\/uploads\/2020\/10\/20200911-14h-03m-P1240393.jpg 1024w\" sizes=\"auto, (max-width: 300px) 100vw, 300px\" \/><\/a><figcaption><em>Der Foto-Setup. Links h\u00e4ngt der Laptop im Zelt.<\/em><\/figcaption><\/figure><\/div>\n\n\n\n<p>Erg\u00e4nzt wurde sie noch durch eine kleines Guidingrohr und eine ZWO ASI Mini f\u00fcr das Guiding und das komfortable Einnorden mit Sharpcap. Damit der Laptop Platz hat, habe ich noch eine 3D-gedruckte Halterung gefertigt, die an das Stativ passt. Der Laptop sitzt in einem <a rel=\"noopener noreferrer\" href=\"https:\/\/astrogarten-shop.de\/de\/zubehoer\/laptop-zubehoerzelte\/icap-min-pro-cover-10-13-4.html\" target=\"_blank\">iCap-Laptop-Zelt<\/a> von Astrogarten. Damit kann der Laptop endlich auch bei der Sonnenbeobachtung genutzt werden \u2013 den Kauf hatte ich viel zu lange vor mir hergeschoben. F\u00fcr Flatfields gibt es eine Flatfield-Scheibe von Gerd Neumann. Eine Bahtinov-Maske und ein Reducer f\u00fcr den ED80 d\u00fcrfen nat\u00fcrlich auch nicht fehlen. <\/p>\n\n\n\n<figure class=\"wp-block-image size-large\"><a href=\"https:\/\/kerste.de\/wp-content\/uploads\/2020\/11\/Koffer-GP-DX.jpg\"><img loading=\"lazy\" decoding=\"async\" width=\"1024\" height=\"1024\" src=\"https:\/\/kerste.de\/wp-content\/uploads\/2020\/11\/Koffer-GP-DX-1024x1024.jpg\" alt=\"\" class=\"wp-image-12039\" srcset=\"https:\/\/kerste.de\/wp-content\/uploads\/2020\/11\/Koffer-GP-DX.jpg 1024w, https:\/\/kerste.de\/wp-content\/uploads\/2020\/11\/Koffer-GP-DX-300x300.jpg 300w, https:\/\/kerste.de\/wp-content\/uploads\/2020\/11\/Koffer-GP-DX-150x150.jpg 150w, https:\/\/kerste.de\/wp-content\/uploads\/2020\/11\/Koffer-GP-DX-768x768.jpg 768w\" sizes=\"auto, (max-width: 1024px) 100vw, 1024px\" \/><\/a><figcaption><em>Alles f\u00fcr Goto und Fotografie<\/em><\/figcaption><\/figure>\n\n\n\n<p>Die Montierung samt Steuerung, Akkupack, Gegengewicht, Leitrohr, Guidingkamera und Laptop-Zelt steckt ebenfalls in einem Flightcase, das auf 21,5kg kommt. F\u00fcr den Transport ins Auto geht das gerade noch. Die DSLR zum Fotografieren kommt nat\u00fcrlich noch dazu, die Kameraadapter und Reducer sind beim Teleskop verpackt. Die Schaumstoffeinlagen habe ich \u00fcbrigens bei <a rel=\"noreferrer noopener\" href=\"https:\/\/www.koffermarkt.com\/koffer-schaumstoff-konfigurator\/\" target=\"_blank\">Koffermarkt.com<\/a> machen lassen. <\/p>\n\n\n\n<h4 class=\"wp-block-heading\">Die Sonnenausr\u00fcstung<\/h4>\n\n\n\n<p>Dank Lockdown, Homeoffice und Balkon habe ich seit 2021 meine Sonnenausr\u00fcstung optimiert. Zum ED80 mit Herschelkeil kam ein Baader SunDancer II H-alpha-Filter, der durch einen gebrauchten Vixen 80\/910Mf erg\u00e4nzt wurde (dessen \u00d6ffnungsverh\u00e4ltnis besser zum H-alpha-Filter passt). Beide Teleskope passen wunderbar auf die S\u00e4ule auf dem Balkon, und der Vixen hat mittlerweile auch einen Motorfokussierer erhalten (zusammen mit einem neuen Okularauszug). Ein ADC hilft einigerma\u00dfen gegen die Newtonringe, die die ZWO bei der H-alpha-Fotografie zeigt \u2013 perfekt ist es noch nicht.<\/p>\n\n\n\n<div class=\"wp-block-image\"><figure class=\"aligncenter size-full\"><a href=\"https:\/\/kerste.de\/?attachment_id=14387#main\"><img loading=\"lazy\" decoding=\"async\" width=\"1024\" height=\"768\" src=\"https:\/\/kerste.de\/wp-content\/uploads\/2022\/05\/Sonnensetup-Vixen.jpg\" alt=\"\" class=\"wp-image-14387\" srcset=\"https:\/\/kerste.de\/wp-content\/uploads\/2022\/05\/Sonnensetup-Vixen.jpg 1024w, https:\/\/kerste.de\/wp-content\/uploads\/2022\/05\/Sonnensetup-Vixen-300x225.jpg 300w, https:\/\/kerste.de\/wp-content\/uploads\/2022\/05\/Sonnensetup-Vixen-768x576.jpg 768w\" sizes=\"auto, (max-width: 1024px) 100vw, 1024px\" \/><\/a><figcaption><em>Der Vixen 80Mf mit dem Laptop f\u00fcr die Sonnenfotografie \u2013 hier mit Herschelkeil statt H-alpha-Filter<\/em><\/figcaption><\/figure><\/div>\n\n\n\n<h4 class=\"wp-block-heading\"><img loading=\"lazy\" decoding=\"async\" class=\"alignright\" title=\"Ultima-80-frei.jpg\" src=\"https:\/\/www.kerste.de\/images\/Ultima-80-frei.jpg\" alt=\"Ultima-80-frei.jpg\" width=\"300\" height=\"416\">Das Spektiv<\/h4>\n\n\n\n<p>Trotz aller Kompaktheit war das Teleskop dann aber doch nichts mehr f\u00fcr den schnellen, spontanen Einsatz, und mittlerweile kam noch ein 80mm Celestron Ultima Spektiv dazu. Mit 20-60facher Vergr\u00f6\u00dferung st\u00f6rt der Farbfehler noch nicht (bzw. nur kaum), es ist auf dem Berlebach mehr als ausreichend montiert, und als Reisebegleiter ist es gut geeignet: Nicht nur, dass es (ohne Stativ) auch in einen gr\u00f6\u00dferen Rucksack passt, es tut vor allem auch nicht so weh, wenn die Fluggesellschaft es auf den falschen Kontinent schickt&#8230;<\/p>\n\n\n\n<p>Praktisch ist, dass auch das Hyperion Zoom Okular an das Spektiv passt. Es hat ein deutlich gr\u00f6\u00dferes Bildfeld und angenehmeres Einblickverhalten als das durchaus brauchbare Original-Okular. F\u00fcr den schnellen Blick in die Sterne oder in die Berge hat es sich schon h\u00e4ufig bew\u00e4hrt.<\/p>\n\n\n\n<h4 class=\"wp-block-heading\">Der Oldtimer<\/h4>\n\n\n\n<p>Durch einen gl\u00fccklichen Zufall bin ich an einen Lichtenknecker 125\/3500 f\/28 Schiefspiegler gekommen. So ein Ger\u00e4t wollte ich schon immer mal haben: Ein obstruktionsfreier Spiegel, perfekt f\u00fcr Planeten: Echter Apo-Kontrast! Dazu habe ich auch noch eine alte Vixen Saturn-Montierung mit Boxd\u00f6rfer-Steuerung. Die wurde urspr\u00fcnglich sogar mit einem C14 angeboten, mit dem Schiefspiegler und meinem ED80 parallel wird es aber doch wacklig \u2013 vielleicht liegt es aber auch an der Doppelschiene. <\/p>\n\n\n\n<div class=\"wp-block-image\"><figure class=\"alignleft size-large is-resized\"><a href=\"https:\/\/kerste.de\/wp-content\/uploads\/2020\/09\/20200205235231.jpg\"><img loading=\"lazy\" decoding=\"async\" src=\"https:\/\/kerste.de\/wp-content\/uploads\/2020\/09\/20200205235231.jpg\" alt=\"\" class=\"wp-image-12023\" width=\"200\" height=\"150\" srcset=\"https:\/\/kerste.de\/wp-content\/uploads\/2020\/09\/20200205235231.jpg 800w, https:\/\/kerste.de\/wp-content\/uploads\/2020\/09\/20200205235231-300x225.jpg 300w, https:\/\/kerste.de\/wp-content\/uploads\/2020\/09\/20200205235231-768x577.jpg 768w\" sizes=\"auto, (max-width: 200px) 100vw, 200px\" \/><\/a><figcaption><em>Lichtenknecker Schiefspiegler mit ED80<\/em><\/figcaption><\/figure><\/div>\n\n\n\n<p>So Teleskope werden schon lange nicht mehr gebaut, kein Wunder eigentlich: Um ein einigerma\u00dfen helles Bild zu kriegen, hat das Teleskop ein 70mm-\u00dcbersichtsokular. Auf der Sternwarte haben wir das selbe Okular am f\/15-Coud\u00e9-Refraktor, aber an so einem &#8220;schnellen&#8221; Ger\u00e4t ist die Randabbildung des Okulars grottenschlecht. Bei f\/28 sieht das ganz anders aus! Die Optik taugt und kann mit den alten Lichtenknecker-Okularen bis weit in die \u00dcbervergr\u00f6\u00dferung getrieben werden: Im 12,5mm-Ortho bei 280x ist das Bild noch sch\u00f6n scharf; deutlich besser als im 15mm Mittenzwey bei nur 230x.<\/p>\n\n\n\n<p>Das ganze ist nat\u00fcrlich ein Oldtimer mit allen Nachteilen alter Technik \u2013 um ihn lauff\u00e4hig zu bringen waren noch ein Stativadapter sowie Adapter f\u00fcr moderne Okulare (also von Lichtenknecker System 64 auf T-2 und SC-Gewinde) n\u00f6tig, au\u00dferdem musste ein Adapter f\u00fcr einen Leuchtpunktsucher her \u2013 mit dem Originalsucher und der Brennweite etwas zu finden ist nicht trivial, vor allem weil ich immer noch nicht wei\u00df, wo ich eigentlich hinschaue. Alles Sonderanfertigungen von Steffen Noack (<a href=\"http:\/\/www.greatstar.de\/\" target=\"_blank\" rel=\"noreferrer noopener\">Great Star<\/a>). Transportabel ist das ganze auch nur m\u00e4\u00dfig \u2013 ein kleines NexStar 6SE von Celestron hat auch nicht weniger Leistung, ist ultra-transportabel und bietet Goto und gr\u00f6\u00dfere Bildfelder. Aber ganz ehrlich: So ein Schiefspiegler macht einfach was her. Auch wenn der Okularrevolver alleine schon fast mehr wiegt als ein C6 Schmidt-Cassegrain&#8230;<\/p>\n\n\n\n<figure class=\"wp-block-gallery aligncenter has-nested-images columns-default is-cropped wp-block-gallery-1 is-layout-flex wp-block-gallery-is-layout-flex\">\n<figure class=\"wp-block-image size-large\"><a href=\"https:\/\/kerste.de\/wp-content\/uploads\/2020\/09\/20200205235259.jpg\"><img loading=\"lazy\" decoding=\"async\" width=\"753\" height=\"800\" data-id=\"12022\" src=\"https:\/\/kerste.de\/wp-content\/uploads\/2020\/09\/20200205235259.jpg\" alt=\"\" class=\"wp-image-12022\" srcset=\"https:\/\/kerste.de\/wp-content\/uploads\/2020\/09\/20200205235259.jpg 753w, https:\/\/kerste.de\/wp-content\/uploads\/2020\/09\/20200205235259-282x300.jpg 282w\" sizes=\"auto, (max-width: 753px) 100vw, 753px\" \/><\/a><\/figure>\n\n\n\n<figure class=\"wp-block-image size-large\"><a href=\"https:\/\/kerste.de\/wp-content\/uploads\/2020\/11\/Schiefspiegler-IMG_2838.jpg\"><img loading=\"lazy\" decoding=\"async\" width=\"768\" height=\"1024\" data-id=\"12043\" src=\"https:\/\/kerste.de\/wp-content\/uploads\/2020\/11\/Schiefspiegler-IMG_2838.jpg\" alt=\"\" class=\"wp-image-12043\" srcset=\"https:\/\/kerste.de\/wp-content\/uploads\/2020\/11\/Schiefspiegler-IMG_2838.jpg 768w, https:\/\/kerste.de\/wp-content\/uploads\/2020\/11\/Schiefspiegler-IMG_2838-225x300.jpg 225w\" sizes=\"auto, (max-width: 768px) 100vw, 768px\" \/><\/a><\/figure>\n<figcaption class=\"blocks-gallery-caption\"><em>Der Lichtenknecker Schiefspiegler<\/em><\/figcaption><\/figure>\n\n\n\n<p><\/p>\n<div class=\"shariff shariff-align-left shariff-widget-align-left\"><ul class=\"shariff-buttons theme-white orientation-horizontal buttonsize-small\"><li class=\"shariff-button twitter shariff-nocustomcolor\" style=\"background-color:#595959\"><a href=\"https:\/\/twitter.com\/share?url=https%3A%2F%2Fkerste.de%2F%3Fpage_id%3D7&text=Astro-Ausr%C3%BCstung\" title=\"Bei X teilen\" aria-label=\"Bei X teilen\" role=\"button\" rel=\"noopener nofollow\" class=\"shariff-link\" style=\"; background-color:#000; color:#000\" target=\"_blank\"><span class=\"shariff-icon\" style=\"fill:#000\"><svg width=\"32px\" height=\"20px\" xmlns=\"http:\/\/www.w3.org\/2000\/svg\" viewBox=\"0 0 24 24\"><path fill=\"#000\" d=\"M14.258 10.152L23.176 0h-2.113l-7.747 8.813L7.133 0H0l9.352 13.328L0 23.973h2.113l8.176-9.309 6.531 9.309h7.133zm-2.895 3.293l-.949-1.328L2.875 1.56h3.246l6.086 8.523.945 1.328 7.91 11.078h-3.246zm0 0\"\/><\/svg><\/span><span class=\"shariff-text\" style=\"color:#000\">teilen<\/span>&nbsp;<\/a><\/li><li class=\"shariff-button facebook shariff-nocustomcolor\" style=\"background-color:#4273c8\"><a href=\"https:\/\/www.facebook.com\/sharer\/sharer.php?u=https%3A%2F%2Fkerste.de%2F%3Fpage_id%3D7\" title=\"Bei Facebook teilen\" aria-label=\"Bei Facebook teilen\" role=\"button\" rel=\"nofollow\" class=\"shariff-link\" style=\"; background-color:#3b5998; color:#3b5998\" target=\"_blank\"><span class=\"shariff-icon\" style=\"fill:#3b5998\"><svg width=\"32px\" height=\"20px\" xmlns=\"http:\/\/www.w3.org\/2000\/svg\" viewBox=\"0 0 18 32\"><path fill=\"#3b5998\" d=\"M17.1 0.2v4.7h-2.8q-1.5 0-2.1 0.6t-0.5 1.9v3.4h5.2l-0.7 5.3h-4.5v13.6h-5.5v-13.6h-4.5v-5.3h4.5v-3.9q0-3.3 1.9-5.2t5-1.8q2.6 0 4.1 0.2z\"\/><\/svg><\/span><span class=\"shariff-text\" style=\"color:#3b5998\">teilen<\/span>&nbsp;<\/a><\/li><li class=\"shariff-button tumblr shariff-nocustomcolor\" style=\"background-color:#529ecc\"><a href=\"https:\/\/www.tumblr.com\/widgets\/share\/tool?posttype=link&canonicalUrl=https%3A%2F%2Fkerste.de%2F%3Fpage_id%3D7&tags=kerste.de\" title=\"Bei tumblr teilen\" aria-label=\"Bei tumblr teilen\" role=\"button\" rel=\"noopener nofollow\" class=\"shariff-link\" style=\"; background-color:#36465d; color:#36465d\" target=\"_blank\"><span class=\"shariff-icon\" style=\"fill:#36465d\"><svg width=\"32px\" height=\"20px\" xmlns=\"http:\/\/www.w3.org\/2000\/svg\" viewBox=\"0 0 32 32\"><path fill=\"#36465d\" d=\"M18 14l0 7.3c0 1.9 0 2.9 0.2 3.5 0.2 0.5 0.7 1.1 1.2 1.4 0.7 0.4 1.5 0.6 2.4 0.6 1.6 0 2.6-0.2 4.2-1.3v4.8c-1.4 0.6-2.6 1-3.7 1.3-1.1 0.3-2.3 0.4-3.6 0.4-1.5 0-2.3-0.2-3.4-0.6-1.1-0.4-2.1-0.9-2.9-1.6-0.8-0.7-1.3-1.4-1.7-2.2s-0.5-1.9-0.5-3.4v-11.2h-4.3v-4.5c1.3-0.4 2.7-1 3.6-1.8 0.9-0.8 1.6-1.7 2.2-2.7 0.5-1.1 0.9-2.4 1.1-4.1h5.2l0 8h8v6h-8z\"\/><\/svg><\/span><span class=\"shariff-text\" style=\"color:#36465d\">teilen<\/span>&nbsp;<\/a><\/li><li class=\"shariff-button info shariff-nocustomcolor\" style=\"background-color:#a8a8a8\"><a href=\"http:\/\/ct.de\/-2467514\" title=\"Weitere Informationen\" aria-label=\"Weitere Informationen\" role=\"button\" rel=\"noopener \" class=\"shariff-link\" style=\"; background-color:#999; color:#999\" target=\"_blank\"><span class=\"shariff-icon\" style=\"fill:#999\"><svg width=\"32px\" height=\"20px\" xmlns=\"http:\/\/www.w3.org\/2000\/svg\" viewBox=\"0 0 11 32\"><path fill=\"#999\" d=\"M11.4 24v2.3q0 0.5-0.3 0.8t-0.8 0.4h-9.1q-0.5 0-0.8-0.4t-0.4-0.8v-2.3q0-0.5 0.4-0.8t0.8-0.4h1.1v-6.8h-1.1q-0.5 0-0.8-0.4t-0.4-0.8v-2.3q0-0.5 0.4-0.8t0.8-0.4h6.8q0.5 0 0.8 0.4t0.4 0.8v10.3h1.1q0.5 0 0.8 0.4t0.3 0.8zM9.2 3.4v3.4q0 0.5-0.4 0.8t-0.8 0.4h-4.6q-0.4 0-0.8-0.4t-0.4-0.8v-3.4q0-0.4 0.4-0.8t0.8-0.4h4.6q0.5 0 0.8 0.4t0.4 0.8z\"\/><\/svg><\/span><\/a><\/li><\/ul><\/div>","protected":false},"excerpt":{"rendered":"<p>Die Frage, womit ich beobachte, taucht immer wieder auf &#8211; schlie\u00dflich sollte sich ja in zwei Jahrzehnten Hobby Astronomie einiges angesammelt haben. Da ich allerdings von Anfang an auf der Heilbronner Sternwarte aktiv war, konnte ich mir Fehlinvestitionen sparen, und neben einer ganzen Reihe von Ferngl\u00e4sern gibt&#8217;s nur ein einziges Teleskop. Das Teleskop Im Celestron [&hellip;]<\/p>\n","protected":false},"author":1,"featured_media":0,"parent":0,"menu_order":2,"comment_status":"closed","ping_status":"closed","template":"","meta":{"footnotes":""},"class_list":["post-7","page","type-page","status-publish","hentry"],"_links":{"self":[{"href":"https:\/\/kerste.de\/index.php?rest_route=\/wp\/v2\/pages\/7","targetHints":{"allow":["GET"]}}],"collection":[{"href":"https:\/\/kerste.de\/index.php?rest_route=\/wp\/v2\/pages"}],"about":[{"href":"https:\/\/kerste.de\/index.php?rest_route=\/wp\/v2\/types\/page"}],"author":[{"embeddable":true,"href":"https:\/\/kerste.de\/index.php?rest_route=\/wp\/v2\/users\/1"}],"replies":[{"embeddable":true,"href":"https:\/\/kerste.de\/index.php?rest_route=%2Fwp%2Fv2%2Fcomments&post=7"}],"version-history":[{"count":11,"href":"https:\/\/kerste.de\/index.php?rest_route=\/wp\/v2\/pages\/7\/revisions"}],"predecessor-version":[{"id":14388,"href":"https:\/\/kerste.de\/index.php?rest_route=\/wp\/v2\/pages\/7\/revisions\/14388"}],"wp:attachment":[{"href":"https:\/\/kerste.de\/index.php?rest_route=%2Fwp%2Fv2%2Fmedia&parent=7"}],"curies":[{"name":"wp","href":"https:\/\/api.w.org\/{rel}","templated":true}]}}